{"id":63,"date":"2022-01-16T08:27:35","date_gmt":"2022-01-16T08:27:35","guid":{"rendered":"http:\/\/virginia.dicequesecasaconmigo.com\/?page_id=63"},"modified":"2022-04-08T18:09:44","modified_gmt":"2022-04-08T18:09:44","slug":"nuestra-historia","status":"publish","type":"page","link":"https:\/\/virginia.dicequesecasaconmigo.com\/index.php\/nuestra-historia\/","title":{"rendered":"Nuestra Historia"},"content":{"rendered":"\n<p class=\"has-text-align-center\">Todo ocurri\u00f3 un bonito d\u00eda de Enero, en el cual, Virginia se dej\u00f3 &#8220;liar&#8221; por su buena amiga (y con muy buen criterio) Paloma y se cre\u00f3 un perfil en una p\u00e1gina de conocer gente. <\/p>\n\n\n\n<p>La verdad es que fue todo un flechazo, ya que, nada m\u00e1s ver nuestros respectivos perfiles ambos pensamos: &#8220;Oh Dios m\u00edo no se me puede escapar&#8221;. Y con esto que empezamos a hablar, mucho y bien, y decidimos conocernos en persona. \u00a1Tal feeling no pod\u00eda dejarse escapar!<\/p>\n\n\n\n<p>El matchball de las familias lo pasamos sin problema, dos personas as\u00ed de maravillosas era imposible que fuese de otra manera, y con los amigos fue igual de f\u00e1cil. La verdad es que ambos tenemos unas familias y amigos maravillosos (en el caso de los amigos, unos m\u00e1s que otros. &#8211; Jose dixit)<\/p>\n\n\n\n<p>Luego han ido llegando momentos m\u00e1s o menos complicados (la querida pandemia, por ejemplo), que, estando juntos, hemos ido solvent\u00e1ndolos con nota y aprendiendo de ellos.<\/p>\n\n\n\n<p>Y hasta aqu\u00ed, que un d\u00eda  07\/12\/2021 Jose ide\u00f3 un maravilloso e inesperado plan para hincar la rodilla, y con ello, empezar la siguiente etapa de nuestra vida.<\/p>\n\n\n\n<p>Estamos muy felices e ilusionados de poder celebrarlo con todos vosotros, que sois nuestras personas m\u00e1s queridas, \u00a1\u00a1y esperamos que el 16\/07\/2022 sea igual de especial para vosotros que para nosotros!!<\/p>\n\n\n\n<p>Besos de Virginia y Jose<\/p>\n\n\n\n<p>#uTeamForever<\/p>\n","protected":false},"excerpt":{"rendered":"<p>Esta es nuestra historia <\/p>\n","protected":false},"author":1,"featured_media":64,"parent":0,"menu_order":0,"comment_status":"closed","ping_status":"closed","template":"","meta":{"_monsterinsights_skip_tracking":false,"_monsterinsights_sitenote_active":false,"_monsterinsights_sitenote_note":"","_monsterinsights_sitenote_category":0},"_links":{"self":[{"href":"https:\/\/virginia.dicequesecasaconmigo.com\/index.php\/wp-json\/wp\/v2\/pages\/63"}],"collection":[{"href":"https:\/\/virginia.dicequesecasaconmigo.com\/index.php\/wp-json\/wp\/v2\/pages"}],"about":[{"href":"https:\/\/virginia.dicequesecasaconmigo.com\/index.php\/wp-json\/wp\/v2\/types\/page"}],"author":[{"embeddable":true,"href":"https:\/\/virginia.dicequesecasaconmigo.com\/index.php\/wp-json\/wp\/v2\/users\/1"}],"replies":[{"embeddable":true,"href":"https:\/\/virginia.dicequesecasaconmigo.com\/index.php\/wp-json\/wp\/v2\/comments?post=63"}],"version-history":[{"count":8,"href":"https:\/\/virginia.dicequesecasaconmigo.com\/index.php\/wp-json\/wp\/v2\/pages\/63\/revisions"}],"predecessor-version":[{"id":176,"href":"https:\/\/virginia.dicequesecasaconmigo.com\/index.php\/wp-json\/wp\/v2\/pages\/63\/revisions\/176"}],"wp:featuredmedia":[{"embeddable":true,"href":"https:\/\/virginia.dicequesecasaconmigo.com\/index.php\/wp-json\/wp\/v2\/media\/64"}],"wp:attachment":[{"href":"https:\/\/virginia.dicequesecasaconmigo.com\/index.php\/wp-json\/wp\/v2\/media?parent=63"}],"curies":[{"name":"wp","href":"https:\/\/api.w.org\/{rel}","templated":true}]}}