{"id":188,"date":"2022-01-08T16:21:00","date_gmt":"2022-01-08T16:21:00","guid":{"rendered":"http:\/\/virginia.dicequesecasaconmigo.com\/?page_id=188"},"modified":"2022-07-10T19:58:23","modified_gmt":"2022-07-10T19:58:23","slug":"info-covid","status":"publish","type":"page","link":"https:\/\/virginia.dicequesecasaconmigo.com\/index.php\/info-covid\/","title":{"rendered":"Info COVID"},"content":{"rendered":"\n<p>C\u00f3mo bien sab\u00e9is, tenemos que convivir con el bicho, por lo que os informamos que:<br><\/p>\n\n\n\n<ul><li>En caso de tener s\u00edntomas o dudas por haber tenido un contacto directo, por favor, poneros en contacto con nosotros a la mayor brevedad posible.<\/li><li>Por favor, llevad vuestra propia mascarilla, por la seguridad de todos<\/li><\/ul>\n\n\n\n<p><\/p>\n\n\n\n<p>ACTUALIZACI\u00d3N JUNIO: Dado que el virus a\u00fan sigue con nosotros, y por mi situaci\u00f3n m\u00e9dica, estoy m\u00e1s flojo de lo normal,<strong> os pedimos que os hag\u00e1is un test de ant\u00edgenos el mismo d\u00eda de la boda.<\/strong> Con ello queremos tener una celebraci\u00f3n tranquila, d\u00f3nde todos disfrutemos y no haya sorpresas a futuro.<\/p>\n\n\n\n<p>As\u00ed que, por favor, tened cuidado, \u00a1que queremos veros a todos en la boda!<\/p>\n\n\n\n<p><\/p>\n\n\n\n<p>Muchas gracias!<\/p>\n\n\n\n<p><\/p>\n","protected":false},"excerpt":{"rendered":"<p>C\u00f3mo bien sab\u00e9is, tenemos que convivir con el bicho, por lo que os informamos que: En caso de tener s\u00edntomas o dudas por haber tenido un contacto directo, por favor, poneros en contacto con nosotros a la mayor brevedad posible. Por favor, llevad vuestra propia mascarilla, por la seguridad de todos ACTUALIZACI\u00d3N JUNIO: Dado que [&hellip;]<\/p>\n","protected":false},"author":2,"featured_media":195,"parent":0,"menu_order":0,"comment_status":"closed","ping_status":"closed","template":"","meta":{"_monsterinsights_skip_tracking":false,"_monsterinsights_sitenote_active":false,"_monsterinsights_sitenote_note":"","_monsterinsights_sitenote_category":0},"_links":{"self":[{"href":"https:\/\/virginia.dicequesecasaconmigo.com\/index.php\/wp-json\/wp\/v2\/pages\/188"}],"collection":[{"href":"https:\/\/virginia.dicequesecasaconmigo.com\/index.php\/wp-json\/wp\/v2\/pages"}],"about":[{"href":"https:\/\/virginia.dicequesecasaconmigo.com\/index.php\/wp-json\/wp\/v2\/types\/page"}],"author":[{"embeddable":true,"href":"https:\/\/virginia.dicequesecasaconmigo.com\/index.php\/wp-json\/wp\/v2\/users\/2"}],"replies":[{"embeddable":true,"href":"https:\/\/virginia.dicequesecasaconmigo.com\/index.php\/wp-json\/wp\/v2\/comments?post=188"}],"version-history":[{"count":16,"href":"https:\/\/virginia.dicequesecasaconmigo.com\/index.php\/wp-json\/wp\/v2\/pages\/188\/revisions"}],"predecessor-version":[{"id":307,"href":"https:\/\/virginia.dicequesecasaconmigo.com\/index.php\/wp-json\/wp\/v2\/pages\/188\/revisions\/307"}],"wp:featuredmedia":[{"embeddable":true,"href":"https:\/\/virginia.dicequesecasaconmigo.com\/index.php\/wp-json\/wp\/v2\/media\/195"}],"wp:attachment":[{"href":"https:\/\/virginia.dicequesecasaconmigo.com\/index.php\/wp-json\/wp\/v2\/media?parent=188"}],"curies":[{"name":"wp","href":"https:\/\/api.w.org\/{rel}","templated":true}]}}