{"id":155,"date":"2022-02-22T12:07:38","date_gmt":"2022-02-22T12:07:38","guid":{"rendered":"http:\/\/virginia.dicequesecasaconmigo.com\/?page_id=155"},"modified":"2022-04-11T14:42:35","modified_gmt":"2022-04-11T14:42:35","slug":"codigo-de-vestimenta","status":"publish","type":"page","link":"https:\/\/virginia.dicequesecasaconmigo.com\/index.php\/codigo-de-vestimenta\/","title":{"rendered":"C\u00f3digo de vestimenta"},"content":{"rendered":"\n<p>Al ser una boda por la iglesia y de tarde, el c\u00f3digo es formal y debe ser el siguiente:<\/p>\n\n\n\n<ul><li>Hombres: Traje y zapatos.<\/li><li>Mujeres: Pantal\u00f3n, Mono, Vestido largo o de c\u00f3ctel con corte a la altura de la rodilla. No llevar pamela, y en caso de llevar tocados, de peque\u00f1o tama\u00f1o. <\/li><\/ul>\n\n\n\n<p>No se permite el color blanco o similar. <\/p>\n\n\n\n<p>Si necesit\u00e1is m\u00e1s informaci\u00f3n al respecto \u00a1preguntadnos! <\/p>\n\n\n\n<p><\/p>\n","protected":false},"excerpt":{"rendered":"<p>Al ser una boda por la iglesia y de tarde, el c\u00f3digo es formal y debe ser el siguiente: Hombres: Traje y zapatos. Mujeres: Pantal\u00f3n, Mono, Vestido largo o de c\u00f3ctel con corte a la altura de la rodilla. No llevar pamela, y en caso de llevar tocados, de peque\u00f1o tama\u00f1o. No se permite el [&hellip;]<\/p>\n","protected":false},"author":2,"featured_media":160,"parent":0,"menu_order":0,"comment_status":"closed","ping_status":"closed","template":"","meta":{"_monsterinsights_skip_tracking":false,"_monsterinsights_sitenote_active":false,"_monsterinsights_sitenote_note":"","_monsterinsights_sitenote_category":0},"_links":{"self":[{"href":"https:\/\/virginia.dicequesecasaconmigo.com\/index.php\/wp-json\/wp\/v2\/pages\/155"}],"collection":[{"href":"https:\/\/virginia.dicequesecasaconmigo.com\/index.php\/wp-json\/wp\/v2\/pages"}],"about":[{"href":"https:\/\/virginia.dicequesecasaconmigo.com\/index.php\/wp-json\/wp\/v2\/types\/page"}],"author":[{"embeddable":true,"href":"https:\/\/virginia.dicequesecasaconmigo.com\/index.php\/wp-json\/wp\/v2\/users\/2"}],"replies":[{"embeddable":true,"href":"https:\/\/virginia.dicequesecasaconmigo.com\/index.php\/wp-json\/wp\/v2\/comments?post=155"}],"version-history":[{"count":9,"href":"https:\/\/virginia.dicequesecasaconmigo.com\/index.php\/wp-json\/wp\/v2\/pages\/155\/revisions"}],"predecessor-version":[{"id":220,"href":"https:\/\/virginia.dicequesecasaconmigo.com\/index.php\/wp-json\/wp\/v2\/pages\/155\/revisions\/220"}],"wp:featuredmedia":[{"embeddable":true,"href":"https:\/\/virginia.dicequesecasaconmigo.com\/index.php\/wp-json\/wp\/v2\/media\/160"}],"wp:attachment":[{"href":"https:\/\/virginia.dicequesecasaconmigo.com\/index.php\/wp-json\/wp\/v2\/media?parent=155"}],"curies":[{"name":"wp","href":"https:\/\/api.w.org\/{rel}","templated":true}]}}